{"id":2051,"date":"2021-02-22T18:41:55","date_gmt":"2021-02-22T17:41:55","guid":{"rendered":"https:\/\/interco-cosmetics.de\/imprint-terms-of-use\/"},"modified":"2023-03-03T08:58:00","modified_gmt":"2023-03-03T07:58:00","slug":"imprint-terms-of-use","status":"publish","type":"page","link":"https:\/\/interco-cosmetics.de\/en\/imprint-terms-of-use\/","title":{"rendered":"Imprint \/ Terms of Use"},"content":{"rendered":"\t\t<div data-elementor-type=\"wp-page\" data-elementor-id=\"2051\" class=\"elementor elementor-2051 elementor-1533\" data-elementor-post-type=\"page\">\n\t\t\t\t\t\t<section class=\"elementor-section elementor-top-section elementor-element elementor-element-6d1ef4c5 elementor-section-boxed elementor-section-height-default elementor-section-height-default\" data-id=\"6d1ef4c5\" data-element_type=\"section\" data-e-type=\"section\">\n\t\t\t\t\t\t<div class=\"elementor-container elementor-column-gap-default\">\n\t\t\t\t\t<div class=\"elementor-column elementor-col-100 elementor-top-column elementor-element elementor-element-7203f5d9\" data-id=\"7203f5d9\" data-element_type=\"column\" data-e-type=\"column\">\n\t\t\t<div class=\"elementor-widget-wrap elementor-element-populated\">\n\t\t\t\t\t\t<div class=\"elementor-element elementor-element-a43620 elementor-widget elementor-widget-text-editor\" data-id=\"a43620\" data-element_type=\"widget\" data-e-type=\"widget\" data-widget_type=\"text-editor.default\">\n\t\t\t\t<div class=\"elementor-widget-container\">\n\t\t\t\t\t\t\t\t\t<p><\/p>\n<h2>Dienstanbieter im Sinne des \u00a7 5 TMG:<\/h2>\n<p><\/p>\n<p>INTERCO Cosmetics GmbH <br>Biebricher Allee 36<br>65187 Wiesbaden<br>Deutschland<br>info@interco.de<br>Gesch\u00e4ftsf\u00fchrer: Dr. Tobias Neuberger Amtsgericht Wiesbaden HRB 3577 USt-IdNr DE113855617<\/p>\n<p><\/p>\n<p>Es gelten unsere Nutzungsbedingungen.<\/p>\n<p><\/p>\n<h2>Verantwortlich f\u00fcr die technische Umsetzung:<\/h2>\n<p><\/p>\n<p>Digitalagentur <a href=\"https:\/\/www.chaerry.com\">chaerry.com<\/a><\/p>\n<p><\/p>\n<h2>INTERCO Cosmetics Webseiten Nutzungsbedingungen<\/h2>\n<p><\/p>\n<p>Willkommen auf unseren \u00f6ffentlich zug\u00e4nglichen Webseiten der Firma INTERCO Cosmetics GmbH (nachfolgend \u201eBetreiber\u201c) unter folgender Webadresse: www. interco.com (nachfolgend \u201eWebseite\u201c).<br>Bitte lesen Sie sich diese Nutzungsbedingungen durch; durch den Besuch der Website akzeptieren Sie uneingeschr\u00e4nkt diese Nutzungsbedingungen des Be- treibers. \u00dcberall dort, wo wir lediglich die m\u00e4nnliche Personenbezeichnung gew\u00e4hlt haben, geschieht dies nur aus Gr\u00fcnden der Lesefreundlichkeit. Alle entspre- chenden Bezeichnungen gelten f\u00fcr beide Geschlechter gleicherma\u00dfen.<\/p>\n<p><\/p>\n<p><strong>1. Zugriff auf die Webseite<\/strong><\/p>\n<p><\/p>\n<p>Nutzer dieser Webseite m\u00fcssen vollj\u00e4hrig sein, Minderj\u00e4hrige ben\u00f6tigen die Genehmigung ihrer Eltern. Wir bem\u00fchen uns, die Webseite jederzeit verf\u00fcgbar zu halten, ohne dies jederzeit garantieren zu k\u00f6nnen. Wartung, Aktualisierungen oder andere Ursachen, die au\u00dferhalb unserer Verantwortung liegen, k\u00f6nnen den Zugriff auf die Webseite einschr\u00e4nken oder vor\u00fcbergehend unm\u00f6glich machen.<\/p>\n<p><\/p>\n<p><strong>2. Urheberrecht<\/strong><\/p>\n<p><\/p>\n<p>Die Webseite und alle Bestandteile (Marken, Bilder, Texte, etc.) stellen geistiges Eigentum dar und unterliegen dem Urheberrecht und gegebenenfalls anderer Leistungsschutzgesetze der jeweiligen Rechteinhaber. Soweit nicht anders angegeben, sind s\u00e4mtliche Marken auf der Webseite markenrechtlich gesch\u00fctzt. Dies gilt insbesondere f\u00fcr Marken des Betreibers, Firmenlogos und Embleme. Marken von Lizenzgebern und\/oder die Nutzungsrechte geh\u00f6ren den Lizenzgebern oder demjenigen, der dem Lizenzgeber ein Nutzungsrecht an der jeweiligen Marke einger\u00e4umt hat. Aus diesem Grund gew\u00e4hren wir Nutzern der Webseite nur<\/p>\n<p><\/p>\n<p>das Recht, die Seite ausschlie\u00dflich zu privaten Zwecken zu nutzen.<\/p>\n<p><\/p>\n<p><strong>3. Nutzung dieser Webseite<\/strong><\/p>\n<p><\/p>\n<p>Die \u00dcbertragung von Daten im Internet ist bekannter Ma\u00dfen nicht zu 100 Prozent sicher, verf\u00fcgbar und unversehrt. Wir \u00fcbernehmen keine Haftung f\u00fcr Fehler, Verz\u00f6gerungen, \u00dcbertragungsunterbrechungen oder \u2013abbr\u00fcche, L\u00f6schungen und Ausf\u00e4lle (insbesondere durch Viren) an Datenwegen, Hardware und Soft- ware, die au\u00dferhalb unseres Einflusses liegen oder die auf die unbefugte Nutzung oder vors\u00e4tzlich herbeigef\u00fchrte Verschlechterung der Inhalte auf dieser Seite zur\u00fcckzuf\u00fchren sind. Wir bem\u00fchen uns, das Angebot auf unserer Webseite virenfrei zu halten, eine 100 prozentige Garantie auf Virenfreiheit der Webseite kann aber nicht abgegeben werden. Dem Nutzer wird daher ganz grunds\u00e4tzlich empfohlen, selbst f\u00fcr angemessene Sicherheitsvorrichtungen (einschlie\u00dflich der regel- m\u00e4\u00dfigen Aktualisierung seines Betriebssystems) und Virenscanner zu sorgen, um selbst sicher Webseiten aufrufen zu k\u00f6nnen. Zur Sicherstellung der Integrit\u00e4t der Webseite hat der Nutzer seinerseits geeignete Sicherheitsvorrichtungen einzurichten und Virenscanner zu verwenden, um keine Viren auf die Webseite des Betreibers zu \u00fcbertragen.<\/p>\n<p><\/p>\n<p><strong>4. Inhalt der Webseite<\/strong><\/p>\n<p><\/p>\n<p><strong>4.1 Allgemeines<\/strong><\/p>\n<p><\/p>\n<p>Wir bem\u00fchen uns, die Angaben auf dieser Webseite jederzeit aktuell und korrekt zu halten. Auf Grund der bekannten technischen Einschr\u00e4nkungen des Inter- nets, k\u00f6nnen wir nicht garantieren, dass alle auf der Seite ver\u00f6ffentlichten Angaben korrekt sind bzw. korrekt dargestellt werden.<br>Wir m\u00f6chten au\u00dferdem darauf hinweisen, dass die Inhalte dieser Seite durch widerrechtliche Manipulation Dritter fehlerhaft oder l\u00fcckenhaft geworden sein k\u00f6n- nen. Fehler und sonstige St\u00f6rungen k\u00f6nnen Sie an folgende E-Mail-Adressen melden: info@interco.de.<\/p>\n<p><\/p>\n<p><strong>4.2 Links<\/strong><\/p>\n<p><\/p>\n<p>Sofern auf der Webseite Hypertext-Links plaziert sind, die auf Webseiten Dritter verweisen, weisen wir darauf hin, dass wir auf deren Inhalte keinen Einfluss ha- ben. Derartige Links sollen es Ihnen lediglich erleichtern, im Internet f\u00fcr Sie interessante Inhalte besser zu finden. Das Aufrufen derartiger Fremdseiten geschieht daher allein auf Ihren Wunsch, f\u00fcr den Sie auch selbst haften. F\u00fcr Inhalte der verlinkten Seiten ist der jeweilige Anbieter oder Betreiber der Seiten verantwortlich. Wir \u00fcberpr\u00fcfen die verlinkten Seiten zum Zeitpunkt der Verlinkung auf m\u00f6gliche Rechtsverst\u00f6\u00dfe. Sofern eine Verlinkung vorgenommen wurde, waren rechtswid- rige Inhalte zum Zeitpunkt der Verlinkung nicht erkennbar. Eine permanente inhaltliche Kontrolle verlinkter Seiten ist ohne konkrete Anhaltspunkte einer Rechts- verletzung nicht zumutbar. Bei Bekanntwerden von Rechtsverletzungen entfernen wir solche Links umgehend.<\/p>\n<p><\/p>\n<p>F\u00fcr den Fall, dass Sie selbst einen Hyperlink auf diese Webseite setzen m\u00f6chten, setzen Sie sich bitte vorab zur Einholung einer Genehmigung mit uns in Ver- bindung unter folgender E-Mail-Adresse: info@interco.de.<\/p>\n<p><\/p>\n<p><strong>5. PERS\u00d6NLICHE DATEN, TECHNISCHE ABL\u00c4UFE BEI AUFRUF UNSERER WEBSEITE<\/strong><\/p>\n<p><\/p>\n<p><strong>5.1 PERS\u00d6NLICHE DATEN<\/strong><\/p>\n<p><\/p>\n<p>Pers\u00f6nliche Daten werden gegenw\u00e4rtig ausschlie\u00dflich dann erhoben, wenn Sie:<\/p>\n<p><\/p>\n<p>(1) uns eine E-Mail \u00fcber die Seite \u201eKONTAKT\u201c schicken.<\/p>\n<p><\/p>\n<p>Diese pers\u00f6nlichen Daten werden elektronisch verarbeitet und folgender Ma\u00dfen genutzt:<\/p>\n<p><\/p>\n<p>&#8211;&nbsp;Wenn Sie mit uns per E-Mail \u00fcber unsere Webseite kommunizieren, werden Daten erfasst, um Ihre Anfragen beantworten und den Fortschritt verfolgen zu k\u00f6nnen.<\/p>\n<p><\/p>\n<p>Gem\u00e4\u00df der geltenden Datschutzrechtslage haben Sie das Recht, die Offenlegung, Korrektur, Erg\u00e4nzung und L\u00f6schung ihrer pers\u00f6nlichen Daten zu fordern. Sollten Sie dies tun wollen, reicht es aus, eine E-Mail mit Identit\u00e4tsnachweis an folgende Adresse zu senden: info@interco.de.<\/p>\n<p><\/p>\n<p>Mit dem Klicken des \u201eSenden\u201c-Knopfes auf der Seite \u201eKONTAKT\u201c erkl\u00e4ren Sie sich einverstanden, dass der Betreiber die vorstehend genannten \u00fcbermittelten Daten zu dem vorstehend genannten Zweck erhebt, speichert und verarbeitet.<\/p>\n<p><\/p>\n<p><strong>5.2 DATEN\u00dcBERTRAGUNG, PROTOKOLLIERUNG<\/strong><\/p>\n<p><\/p>\n<p>Jeder Aufruf unserer Webseite stellt einen Abruf oder den Versuch eines Abrufs einer bzw. mehrerer Datei\/-en von dem Webserver dar. Bei jedem Aufruf werden folgende Daten in einer Protokolldatei gespeichert (nachfolgend \u201eLogfile\u201c):<\/p>\n<p><\/p>\n<ul>\n<li>IP-Adresse<\/li>\n<li>Datum und Uhrzeit des Zugriffs<\/li>\n<li>Name, URL und \u00fcbertragene Datenmenge der abgerufenen Datei<\/li>\n<li>Zugriffsstatus (Meldung zur erfolgreichen\/abgebrochenen \u00dcbertragung der angeforderten Datei)<\/li>\n<li>Erkennungsdaten des verwendeten Browsers und Betriebssystems (sofern der Internetbrowser \u00dcbermittlung zul\u00e4sst)<\/li>\n<li>Webseite, von der aus der Zugriff erfolgte (sofern der Internetbrowser \u00dcbermittlung zul\u00e4sst)<\/li>\n<\/ul>\n<p><\/p>\n<p>Die Daten im Logfile werden in der Regel innerhalb von sieben (7) Tagen wieder gel\u00f6scht. Wir behalten uns zur Verbesserung unseres Angebotes vor, diese Daten zu statistischen Zwecken von uns und von unseren Dienstleistern mit \u00fcblichen Webseitenanalyseverfahren auszuwerten. Es werden keinerlei pers\u00f6nliche Daten \u00fcber Sie erhoben, verarbeitet oder gespeichert.<\/p>\n<p><\/p>\n<p>Welcher Nutzer welche Daten abgerufen hat, k\u00f6nnen wir nicht nachvollziehen. Diese Informationen erheben wir auch nicht.<\/p>\n<p><\/p>\n<p>Die Speicherung der IP-Adresse erfolgt ausschlie\u00dflich aus Gr\u00fcnden der Datensicherheit, um die Stabilit\u00e4t und die Betriebssicherheit unseres Systems zu gew\u00e4hrleisten. Anhand der IP-Adresse findet keinerlei weitere personenbezogene Ver- oder Auswertung statt.<\/p>\n<p><\/p>\n<p><strong>6. ANPASSUNG DER WEBSEITE UND DER NUTZUNGSBEDINGUNGEN<\/strong><\/p>\n<p><\/p>\n<p>Inhalte und Daten dieser Webseite sowie die Nutzungsbedingungen k\u00f6nnen von Zeit zu Zeit ver\u00e4ndert und insbesondere an eine neue Rechtslage angepasst oder nutzungsfreundlicher gestaltet werden. Die Nutzungsbedingungen in ihrer jeweils g\u00fcltigen Fassung gelten auch f\u00fcr solche \u00c4nderungen oder Erg\u00e4nzungen.<\/p>\n<p><\/p>\n<p><strong>7. HOSTING<\/strong><\/p>\n<p><\/p>\n<p>Diese Seite wird von der STRATO AG gehostet. Weitere Informationen finden Sie unter <a href=\"http:\/\/www.strato.de\">www.strato.de<\/a>.<\/p>\n<p><\/p>\t\t\t\t\t\t\t\t<\/div>\n\t\t\t\t<\/div>\n\t\t\t\t\t<\/div>\n\t\t<\/div>\n\t\t\t\t\t<\/div>\n\t\t<\/section>\n\t\t\t\t<\/div>\n\t\t","protected":false},"excerpt":{"rendered":"<p>Service Provider in the sense of \u00a7 5 TMG (German Telemedia Act): INTERCO Cosmetics GmbH Biebricher Allee 3665187 WiesbadenDeutschlandinfo@interco.deGeneral Manager: Dr. Tobias Neuberger Amtsgericht Wiesbaden HRB 3577 USt-IdNr DE113855617 Our terms of use apply. Responsible for design and technical execution: chaerry.com Interco Cosmetics GmbH Website &#8211; Terms of Use Welcome to our publicly accessible webpage[&hellip;]<\/p>\n","protected":false},"author":1,"featured_media":0,"parent":0,"menu_order":0,"comment_status":"closed","ping_status":"closed","template":"","meta":{"zakra_general_container_width":0,"zakra_general_content_width":0,"zakra_general_sidebar_width":0,"zakra_sticky_header":"customizer","zakra_header_main_area":true,"zakra_site_logo_width":0,"zakra_header_top_enabled":"customizer","zakra_header_top_style":"customizer","zakra_primary_menu_item_style":"customizer","zakra_page_header_text_color":"","zakra_page_header_layout":"customizer","zakra_page_title_bg":"","zakra_footer_widgets_bg_image":0,"zakra_page_title_bg_repeat":"customizer","zakra_page_title_bg_position":"customizer","zakra_page_title_bg_size":"customizer","zakra_page_title_bg_attachment":"customizer","zakra_breadcrumbs_enabled":"customizer","zakra_breadcrumbs_text_color":"","zakra_breadcrumbs_separator_color":"","zakra_breadcrumbs_link_color":"","zakra_breadcrumbs_link_hover_color":"","zakra_page_title_bg_image":0,"zakra_footer_widgets_enabled":"customizer","zakra_footer_column_layout_1_style":"customizer","zakra_footer_widgets_bg":"","zakra_footer_widgets_bg_repeat":"customizer","zakra_footer_widgets_bg_position":"customizer","zakra_footer_widgets_bg_size":"customizer","zakra_footer_widgets_bg_attachment":"customizer","zakra_footer_bar_enabled":"customizer","zakra_footer_bar_style":"customizer","zakra_page_container_layout":"customizer","zakra_page_sidebar_layout":"customizer","zakra_remove_content_margin":false,"zakra_sidebar":"customizer","zakra_transparent_header":"customizer","zakra_logo":0,"zakra_main_header_style":"default","zakra_menu_item_color":"","zakra_menu_item_hover_color":"","zakra_menu_item_active_color":"","zakra_menu_active_style":"","zakra_page_header":true,"footnotes":""},"class_list":["post-2051","page","type-page","status-publish","hentry"],"yoast_head":"<!-- This site is optimized with the Yoast SEO plugin v27.3 - https:\/\/yoast.com\/product\/yoast-seo-wordpress\/ -->\n<title>Imprint \/ Terms of Use -<\/title>\n<meta name=\"robots\" content=\"index, follow, max-snippet:-1, max-image-preview:large, max-video-preview:-1\" \/>\n<link rel=\"canonical\" href=\"https:\/\/interco-cosmetics.de\/en\/imprint-terms-of-use\/\" \/>\n<meta property=\"og:locale\" content=\"en_US\" \/>\n<meta property=\"og:type\" content=\"article\" \/>\n<meta property=\"og:title\" content=\"Imprint \/ Terms of Use -\" \/>\n<meta property=\"og:description\" content=\"Service Provider in the sense of \u00a7 5 TMG (German Telemedia Act): INTERCO Cosmetics GmbH Biebricher Allee 3665187 WiesbadenDeutschlandinfo@interco.deGeneral Manager: Dr. Tobias Neuberger Amtsgericht Wiesbaden HRB 3577 USt-IdNr DE113855617 Our terms of use apply. Responsible for design and technical execution: chaerry.com Interco Cosmetics GmbH Website &#8211; Terms of Use Welcome to our publicly accessible webpage[&hellip;]\" \/>\n<meta property=\"og:url\" content=\"https:\/\/interco-cosmetics.de\/en\/imprint-terms-of-use\/\" \/>\n<meta property=\"article:modified_time\" content=\"2023-03-03T07:58:00+00:00\" \/>\n<meta name=\"twitter:card\" content=\"summary_large_image\" \/>\n<meta name=\"twitter:label1\" content=\"Est. reading time\" \/>\n\t<meta name=\"twitter:data1\" content=\"7 minutes\" \/>\n<script type=\"application\/ld+json\" class=\"yoast-schema-graph\">{\"@context\":\"https:\\\/\\\/schema.org\",\"@graph\":[{\"@type\":\"WebPage\",\"@id\":\"https:\\\/\\\/interco-cosmetics.de\\\/en\\\/imprint-terms-of-use\\\/\",\"url\":\"https:\\\/\\\/interco-cosmetics.de\\\/en\\\/imprint-terms-of-use\\\/\",\"name\":\"Imprint \\\/ Terms of Use -\",\"isPartOf\":{\"@id\":\"https:\\\/\\\/interco-cosmetics.de\\\/#website\"},\"datePublished\":\"2021-02-22T17:41:55+00:00\",\"dateModified\":\"2023-03-03T07:58:00+00:00\",\"breadcrumb\":{\"@id\":\"https:\\\/\\\/interco-cosmetics.de\\\/en\\\/imprint-terms-of-use\\\/#breadcrumb\"},\"inLanguage\":\"en-US\",\"potentialAction\":[{\"@type\":\"ReadAction\",\"target\":[\"https:\\\/\\\/interco-cosmetics.de\\\/en\\\/imprint-terms-of-use\\\/\"]}]},{\"@type\":\"BreadcrumbList\",\"@id\":\"https:\\\/\\\/interco-cosmetics.de\\\/en\\\/imprint-terms-of-use\\\/#breadcrumb\",\"itemListElement\":[{\"@type\":\"ListItem\",\"position\":1,\"name\":\"Startseite\",\"item\":\"https:\\\/\\\/interco-cosmetics.de\\\/en\\\/\"},{\"@type\":\"ListItem\",\"position\":2,\"name\":\"Imprint \\\/ Terms of Use\"}]},{\"@type\":\"WebSite\",\"@id\":\"https:\\\/\\\/interco-cosmetics.de\\\/#website\",\"url\":\"https:\\\/\\\/interco-cosmetics.de\\\/\",\"name\":\"\",\"description\":\"Dein Partner f\u00fcr Kosmetik\",\"potentialAction\":[{\"@type\":\"SearchAction\",\"target\":{\"@type\":\"EntryPoint\",\"urlTemplate\":\"https:\\\/\\\/interco-cosmetics.de\\\/?s={search_term_string}\"},\"query-input\":{\"@type\":\"PropertyValueSpecification\",\"valueRequired\":true,\"valueName\":\"search_term_string\"}}],\"inLanguage\":\"en-US\"}]}<\/script>\n<!-- \/ Yoast SEO plugin. -->","yoast_head_json":{"title":"Imprint \/ Terms of Use -","robots":{"index":"index","follow":"follow","max-snippet":"max-snippet:-1","max-image-preview":"max-image-preview:large","max-video-preview":"max-video-preview:-1"},"canonical":"https:\/\/interco-cosmetics.de\/en\/imprint-terms-of-use\/","og_locale":"en_US","og_type":"article","og_title":"Imprint \/ Terms of Use -","og_description":"Service Provider in the sense of \u00a7 5 TMG (German Telemedia Act): INTERCO Cosmetics GmbH Biebricher Allee 3665187 WiesbadenDeutschlandinfo@interco.deGeneral Manager: Dr. Tobias Neuberger Amtsgericht Wiesbaden HRB 3577 USt-IdNr DE113855617 Our terms of use apply. Responsible for design and technical execution: chaerry.com Interco Cosmetics GmbH Website &#8211; Terms of Use Welcome to our publicly accessible webpage[&hellip;]","og_url":"https:\/\/interco-cosmetics.de\/en\/imprint-terms-of-use\/","article_modified_time":"2023-03-03T07:58:00+00:00","twitter_card":"summary_large_image","twitter_misc":{"Est. reading time":"7 minutes"},"schema":{"@context":"https:\/\/schema.org","@graph":[{"@type":"WebPage","@id":"https:\/\/interco-cosmetics.de\/en\/imprint-terms-of-use\/","url":"https:\/\/interco-cosmetics.de\/en\/imprint-terms-of-use\/","name":"Imprint \/ Terms of Use -","isPartOf":{"@id":"https:\/\/interco-cosmetics.de\/#website"},"datePublished":"2021-02-22T17:41:55+00:00","dateModified":"2023-03-03T07:58:00+00:00","breadcrumb":{"@id":"https:\/\/interco-cosmetics.de\/en\/imprint-terms-of-use\/#breadcrumb"},"inLanguage":"en-US","potentialAction":[{"@type":"ReadAction","target":["https:\/\/interco-cosmetics.de\/en\/imprint-terms-of-use\/"]}]},{"@type":"BreadcrumbList","@id":"https:\/\/interco-cosmetics.de\/en\/imprint-terms-of-use\/#breadcrumb","itemListElement":[{"@type":"ListItem","position":1,"name":"Startseite","item":"https:\/\/interco-cosmetics.de\/en\/"},{"@type":"ListItem","position":2,"name":"Imprint \/ Terms of Use"}]},{"@type":"WebSite","@id":"https:\/\/interco-cosmetics.de\/#website","url":"https:\/\/interco-cosmetics.de\/","name":"","description":"Dein Partner f\u00fcr Kosmetik","potentialAction":[{"@type":"SearchAction","target":{"@type":"EntryPoint","urlTemplate":"https:\/\/interco-cosmetics.de\/?s={search_term_string}"},"query-input":{"@type":"PropertyValueSpecification","valueRequired":true,"valueName":"search_term_string"}}],"inLanguage":"en-US"}]}},"_links":{"self":[{"href":"https:\/\/interco-cosmetics.de\/en\/wp-json\/wp\/v2\/pages\/2051","targetHints":{"allow":["GET"]}}],"collection":[{"href":"https:\/\/interco-cosmetics.de\/en\/wp-json\/wp\/v2\/pages"}],"about":[{"href":"https:\/\/interco-cosmetics.de\/en\/wp-json\/wp\/v2\/types\/page"}],"author":[{"embeddable":true,"href":"https:\/\/interco-cosmetics.de\/en\/wp-json\/wp\/v2\/users\/1"}],"replies":[{"embeddable":true,"href":"https:\/\/interco-cosmetics.de\/en\/wp-json\/wp\/v2\/comments?post=2051"}],"version-history":[{"count":4,"href":"https:\/\/interco-cosmetics.de\/en\/wp-json\/wp\/v2\/pages\/2051\/revisions"}],"predecessor-version":[{"id":4360,"href":"https:\/\/interco-cosmetics.de\/en\/wp-json\/wp\/v2\/pages\/2051\/revisions\/4360"}],"wp:attachment":[{"href":"https:\/\/interco-cosmetics.de\/en\/wp-json\/wp\/v2\/media?parent=2051"}],"curies":[{"name":"wp","href":"https:\/\/api.w.org\/{rel}","templated":true}]}}